{"id":10007,"date":"2019-08-25T17:29:07","date_gmt":"2019-08-25T21:29:07","guid":{"rendered":"https:\/\/carolineouellette.ca\/camps\/partenaires\/"},"modified":"2020-03-04T14:51:53","modified_gmt":"2020-03-04T19:51:53","slug":"partenaires","status":"publish","type":"page","link":"https:\/\/carolineouellette.ca\/fr\/camps\/partenaires\/","title":{"rendered":"Partenaires"},"content":{"rendered":"<p>[et_pb_section fb_built=\u00a0\u00bb1&Prime; admin_label=\u00a0\u00bbHeader\u00a0\u00bb _builder_version=\u00a0\u00bb3.27.2&Prime; background_image=\u00a0\u00bbhttps:\/\/carolineouellette.ca\/wp-content\/uploads\/Arena-BG.jpg\u00a0\u00bb parallax=\u00a0\u00bbon\u00a0\u00bb min_height=\u00a0\u00bb400px\u00a0\u00bb animation_style=\u00a0\u00bbslide\u00a0\u00bb animation_intensity_slide=\u00a0\u00bb3%\u00a0\u00bb][et_pb_row use_custom_gutter=\u00a0\u00bbon\u00a0\u00bb gutter_width=\u00a0\u00bb1&Prime; make_equal=\u00a0\u00bbon\u00a0\u00bb padding_left_right_link_1=\u00a0\u00bbtrue\u00a0\u00bb module_class=\u00a0\u00bb et_pb_row_fullwidth et_pb_row_fullwidth\u00a0\u00bb _builder_version=\u00a0\u00bb3.27.2&Prime; width=\u00a0\u00bb100%\u00a0\u00bb width_tablet=\u00a0\u00bb100%\u00a0\u00bb width_phone=\u00a0\u00bb\u00a0\u00bb width_last_edited=\u00a0\u00bbon|desktop\u00a0\u00bb max_width=\u00a0\u00bb100%\u00a0\u00bb max_width_tablet=\u00a0\u00bb100%\u00a0\u00bb max_width_phone=\u00a0\u00bb\u00a0\u00bb max_width_last_edited=\u00a0\u00bbon|desktop\u00a0\u00bb custom_margin=\u00a0\u00bb100px||||false|false\u00a0\u00bb custom_css_main_element=\u00a0\u00bbalign-items: center;\u00a0\u00bb make_fullwidth=\u00a0\u00bbon\u00a0\u00bb][et_pb_column type=\u00a0\u00bb4_4&Prime; _builder_version=\u00a0\u00bb3.0.47&Prime; custom_padding=\u00a0\u00bb|2%||2%\u00a0\u00bb custom_padding__hover=\u00a0\u00bb|||\u00a0\u00bb][et_pb_post_title meta=\u00a0\u00bboff\u00a0\u00bb featured_image=\u00a0\u00bboff\u00a0\u00bb text_color=\u00a0\u00bblight\u00a0\u00bb admin_label=\u00a0\u00bbPage Title\u00a0\u00bb _builder_version=\u00a0\u00bb3.21&Prime; title_font=\u00a0\u00bbOswald|300||on|||||\u00a0\u00bb title_text_color=\u00a0\u00bb#ffffff\u00a0\u00bb title_font_size=\u00a0\u00bb80px\u00a0\u00bb title_letter_spacing=\u00a0\u00bb13px\u00a0\u00bb text_orientation=\u00a0\u00bbcenter\u00a0\u00bb module_alignment=\u00a0\u00bbcenter\u00a0\u00bb custom_margin=\u00a0\u00bb||\u00a0\u00bb animation_style=\u00a0\u00bbslide\u00a0\u00bb title_font_size_tablet=\u00a0\u00bb76px\u00a0\u00bb title_font_size_phone=\u00a0\u00bb59px\u00a0\u00bb title_font_size_last_edited=\u00a0\u00bbon|desktop\u00a0\u00bb text_shadow_style=\u00a0\u00bbpreset2&Prime;][\/et_pb_post_title][et_pb_text admin_label=\u00a0\u00bbDates\u00a0\u00bb _builder_version=\u00a0\u00bb3.27.4&Prime; text_font=\u00a0\u00bbOswald||||||||\u00a0\u00bb header_font=\u00a0\u00bb|||on|||||\u00a0\u00bb header_text_align=\u00a0\u00bbcenter\u00a0\u00bb header_text_color=\u00a0\u00bb#ffffff\u00a0\u00bb header_font_size=\u00a0\u00bb19px\u00a0\u00bb header_letter_spacing=\u00a0\u00bb6px\u00a0\u00bb background_color=\u00a0\u00bb#ce0e2d\u00a0\u00bb custom_margin=\u00a0\u00bb10px|100px|10px|100px|true|true\u00a0\u00bb custom_margin_tablet=\u00a0\u00bb\u00a0\u00bb custom_margin_phone=\u00a0\u00bb|10px||10px||true\u00a0\u00bb custom_margin_last_edited=\u00a0\u00bbon|phone\u00a0\u00bb custom_padding=\u00a0\u00bb10px||5px||false\u00a0\u00bb animation_style=\u00a0\u00bbzoom\u00a0\u00bb]<\/p>\n<h1>Merci \u00e0 nos g\u00e9n\u00e9reux partenaires<\/h1>\n<p>[\/et_pb_text][\/et_pb_column][\/et_pb_row][\/et_pb_section][et_pb_section fb_built=\u00a0\u00bb1&Prime; _builder_version=\u00a0\u00bb3.22&Prime;][et_pb_row _builder_version=\u00a0\u00bb3.25&Prime; max_width=\u00a0\u00bb1080px\u00a0\u00bb custom_margin=\u00a0\u00bb||\u00a0\u00bb custom_padding=\u00a0\u00bb||5px\u00a0\u00bb][et_pb_column type=\u00a0\u00bb4_4&Prime; _builder_version=\u00a0\u00bb3.0.47&Prime; custom_padding=\u00a0\u00bb|||\u00a0\u00bb custom_padding__hover=\u00a0\u00bb|||\u00a0\u00bb][et_pb_text _builder_version=\u00a0\u00bb3.27.4&Prime; header_font=\u00a0\u00bbOswald|300||on|||||\u00a0\u00bb header_font_size=\u00a0\u00bb40px\u00a0\u00bb header_letter_spacing=\u00a0\u00bb3px\u00a0\u00bb custom_margin=\u00a0\u00bb||10px\u00a0\u00bb]<\/p>\n<h1>Partenaire Or<\/h1>\n<p>[\/et_pb_text][et_pb_divider _builder_version=\u00a0\u00bb3.21&Prime;][\/et_pb_divider][\/et_pb_column][\/et_pb_row][et_pb_row column_structure=\u00a0\u00bb1_3,1_3,1_3&Prime; use_custom_gutter=\u00a0\u00bbon\u00a0\u00bb gutter_width=\u00a0\u00bb2&Prime; make_equal=\u00a0\u00bbon\u00a0\u00bb _builder_version=\u00a0\u00bb3.25&Prime; max_width=\u00a0\u00bb1080px\u00a0\u00bb custom_css_main_element=\u00a0\u00bbalign-items: center;\u00a0\u00bb][et_pb_column type=\u00a0\u00bb1_3&Prime; _builder_version=\u00a0\u00bb3.0.47&Prime; custom_padding=\u00a0\u00bb|||\u00a0\u00bb custom_padding__hover=\u00a0\u00bb|||\u00a0\u00bb][et_pb_image src=\u00a0\u00bbhttps:\/\/carolineouellette.ca\/wp-content\/uploads\/Air-canada.png\u00a0\u00bb url=\u00a0\u00bbhttp:\/\/aircanada.com\u00a0\u00bb url_new_window=\u00a0\u00bbon\u00a0\u00bb align_tablet=\u00a0\u00bbcenter\u00a0\u00bb align_phone=\u00a0\u00bb\u00a0\u00bb align_last_edited=\u00a0\u00bbon|desktop\u00a0\u00bb _builder_version=\u00a0\u00bb3.23&Prime;][\/et_pb_image][\/et_pb_column][et_pb_column type=\u00a0\u00bb1_3&Prime; _builder_version=\u00a0\u00bb3.0.47&Prime; custom_padding=\u00a0\u00bb|||\u00a0\u00bb custom_padding__hover=\u00a0\u00bb|||\u00a0\u00bb][et_pb_image src=\u00a0\u00bbhttps:\/\/carolineouellette.ca\/wp-content\/uploads\/Tim-Hortons.png\u00a0\u00bb align_tablet=\u00a0\u00bbcenter\u00a0\u00bb align_phone=\u00a0\u00bb\u00a0\u00bb align_last_edited=\u00a0\u00bbon|desktop\u00a0\u00bb _builder_version=\u00a0\u00bb3.23&Prime;][\/et_pb_image][\/et_pb_column][et_pb_column type=\u00a0\u00bb1_3&Prime; _builder_version=\u00a0\u00bb3.0.47&Prime; custom_padding=\u00a0\u00bb|||\u00a0\u00bb custom_padding__hover=\u00a0\u00bb|||\u00a0\u00bb][\/et_pb_column][\/et_pb_row][et_pb_row _builder_version=\u00a0\u00bb3.25&Prime; max_width=\u00a0\u00bb1080px\u00a0\u00bb][et_pb_column type=\u00a0\u00bb4_4&Prime; _builder_version=\u00a0\u00bb3.0.47&Prime; custom_padding=\u00a0\u00bb|||\u00a0\u00bb custom_padding__hover=\u00a0\u00bb|||\u00a0\u00bb][et_pb_text _builder_version=\u00a0\u00bb3.27.4&Prime; header_font=\u00a0\u00bbOswald|300||on|||||\u00a0\u00bb header_font_size=\u00a0\u00bb40px\u00a0\u00bb header_letter_spacing=\u00a0\u00bb3px\u00a0\u00bb custom_margin=\u00a0\u00bb||10px\u00a0\u00bb]<\/p>\n<h1>PARTENAIRES EN BIENS ET SERVICES<\/h1>\n<p>[\/et_pb_text][et_pb_divider _builder_version=\u00a0\u00bb3.21&Prime; width=\u00a0\u00bb80%\u00a0\u00bb max_width=\u00a0\u00bb1080px\u00a0\u00bb][\/et_pb_divider][\/et_pb_column][\/et_pb_row][et_pb_row column_structure=\u00a0\u00bb1_4,1_4,1_4,1_4&Prime; use_custom_gutter=\u00a0\u00bbon\u00a0\u00bb gutter_width=\u00a0\u00bb2&Prime; make_equal=\u00a0\u00bbon\u00a0\u00bb _builder_version=\u00a0\u00bb3.25&Prime; max_width=\u00a0\u00bb1080px\u00a0\u00bb custom_css_main_element=\u00a0\u00bbalign-items: center;\u00a0\u00bb][et_pb_column type=\u00a0\u00bb1_4&Prime; _builder_version=\u00a0\u00bb3.0.47&Prime; custom_padding=\u00a0\u00bb|||\u00a0\u00bb custom_padding__hover=\u00a0\u00bb|||\u00a0\u00bb][et_pb_image src=\u00a0\u00bbhttps:\/\/carolineouellette.ca\/wp-content\/uploads\/gatorade.png\u00a0\u00bb url=\u00a0\u00bbhttps:\/\/www.gatorade.com\/\u00a0\u00bb url_new_window=\u00a0\u00bbon\u00a0\u00bb align_tablet=\u00a0\u00bbcenter\u00a0\u00bb align_phone=\u00a0\u00bb\u00a0\u00bb align_last_edited=\u00a0\u00bbon|desktop\u00a0\u00bb _builder_version=\u00a0\u00bb3.23&Prime;][\/et_pb_image][\/et_pb_column][et_pb_column type=\u00a0\u00bb1_4&Prime; _builder_version=\u00a0\u00bb3.0.47&Prime; custom_padding=\u00a0\u00bb|||\u00a0\u00bb custom_padding__hover=\u00a0\u00bb|||\u00a0\u00bb][et_pb_image src=\u00a0\u00bbhttps:\/\/carolineouellette.ca\/wp-content\/uploads\/hockeyshot-large-logo.png\u00a0\u00bb url=\u00a0\u00bbhttp:\/\/hockeyshot.ca\u00a0\u00bb url_new_window=\u00a0\u00bbon\u00a0\u00bb align_tablet=\u00a0\u00bbcenter\u00a0\u00bb align_phone=\u00a0\u00bb\u00a0\u00bb align_last_edited=\u00a0\u00bbon|desktop\u00a0\u00bb _builder_version=\u00a0\u00bb3.23&Prime;][\/et_pb_image][\/et_pb_column][et_pb_column type=\u00a0\u00bb1_4&Prime; _builder_version=\u00a0\u00bb3.0.47&Prime; custom_padding=\u00a0\u00bb|||\u00a0\u00bb custom_padding__hover=\u00a0\u00bb|||\u00a0\u00bb][\/et_pb_column][et_pb_column type=\u00a0\u00bb1_4&Prime; _builder_version=\u00a0\u00bb3.0.47&Prime; custom_padding=\u00a0\u00bb|||\u00a0\u00bb custom_padding__hover=\u00a0\u00bb|||\u00a0\u00bb][\/et_pb_column][\/et_pb_row][et_pb_row _builder_version=\u00a0\u00bb3.25&Prime; max_width=\u00a0\u00bb1080px\u00a0\u00bb][et_pb_column type=\u00a0\u00bb4_4&Prime; _builder_version=\u00a0\u00bb3.0.47&Prime; custom_padding=\u00a0\u00bb|||\u00a0\u00bb custom_padding__hover=\u00a0\u00bb|||\u00a0\u00bb][et_pb_text _builder_version=\u00a0\u00bb3.27.4&Prime; header_font=\u00a0\u00bbOswald|300||on|||||\u00a0\u00bb header_font_size=\u00a0\u00bb40px\u00a0\u00bb header_letter_spacing=\u00a0\u00bb3px\u00a0\u00bb custom_margin=\u00a0\u00bb||10px\u00a0\u00bb]<\/p>\n<h1>TRANSPORTEURS OFFICIELS<\/h1>\n<p>[\/et_pb_text][et_pb_divider _builder_version=\u00a0\u00bb3.21&Prime; width=\u00a0\u00bb80%\u00a0\u00bb max_width=\u00a0\u00bb1080px\u00a0\u00bb][\/et_pb_divider][\/et_pb_column][\/et_pb_row][et_pb_row column_structure=\u00a0\u00bb1_3,1_3,1_3&Prime; use_custom_gutter=\u00a0\u00bbon\u00a0\u00bb gutter_width=\u00a0\u00bb2&Prime; make_equal=\u00a0\u00bbon\u00a0\u00bb _builder_version=\u00a0\u00bb3.25&Prime; max_width=\u00a0\u00bb1080px\u00a0\u00bb custom_css_main_element=\u00a0\u00bbalign-items: center;\u00a0\u00bb][et_pb_column type=\u00a0\u00bb1_3&Prime; _builder_version=\u00a0\u00bb3.0.47&Prime; custom_padding=\u00a0\u00bb|||\u00a0\u00bb custom_padding__hover=\u00a0\u00bb|||\u00a0\u00bb][et_pb_image src=\u00a0\u00bbhttps:\/\/carolineouellette.ca\/wp-content\/uploads\/Logo-Christin.png\u00a0\u00bb url=\u00a0\u00bbhttp:\/\/christin.com\u00a0\u00bb url_new_window=\u00a0\u00bbon\u00a0\u00bb align_tablet=\u00a0\u00bbcenter\u00a0\u00bb align_phone=\u00a0\u00bb\u00a0\u00bb align_last_edited=\u00a0\u00bbon|desktop\u00a0\u00bb _builder_version=\u00a0\u00bb3.23&Prime;][\/et_pb_image][\/et_pb_column][et_pb_column type=\u00a0\u00bb1_3&Prime; _builder_version=\u00a0\u00bb3.0.47&Prime; custom_padding=\u00a0\u00bb|||\u00a0\u00bb custom_padding__hover=\u00a0\u00bb|||\u00a0\u00bb][et_pb_image src=\u00a0\u00bbhttps:\/\/carolineouellette.ca\/wp-content\/uploads\/Lounsbury-Chevy.png\u00a0\u00bb url=\u00a0\u00bbhttp:\/\/lounsburymoncton.com\u00a0\u00bb url_new_window=\u00a0\u00bbon\u00a0\u00bb align_tablet=\u00a0\u00bbcenter\u00a0\u00bb align_phone=\u00a0\u00bb\u00a0\u00bb align_last_edited=\u00a0\u00bbon|desktop\u00a0\u00bb _builder_version=\u00a0\u00bb3.23&Prime;][\/et_pb_image][\/et_pb_column][et_pb_column type=\u00a0\u00bb1_3&Prime; _builder_version=\u00a0\u00bb3.0.47&Prime; custom_padding=\u00a0\u00bb|||\u00a0\u00bb custom_padding__hover=\u00a0\u00bb|||\u00a0\u00bb][et_pb_image src=\u00a0\u00bbhttps:\/\/carolineouellette.ca\/wp-content\/uploads\/Chevrolet-NL.png\u00a0\u00bb url=\u00a0\u00bbhttp:\/\/hickmangroup.ca\u00a0\u00bb url_new_window=\u00a0\u00bbon\u00a0\u00bb align=\u00a0\u00bbcenter\u00a0\u00bb align_tablet=\u00a0\u00bbcenter\u00a0\u00bb align_phone=\u00a0\u00bb\u00a0\u00bb align_last_edited=\u00a0\u00bbon|desktop\u00a0\u00bb _builder_version=\u00a0\u00bb3.23&Prime;][\/et_pb_image][\/et_pb_column][\/et_pb_row][\/et_pb_section]<\/p>\n","protected":false},"excerpt":{"rendered":"<p>Merci \u00e0 nos g\u00e9n\u00e9reux partenairesPartenaire OrPARTENAIRES EN BIENS ET SERVICESTRANSPORTEURS OFFICIELS<\/p>\n","protected":false},"author":1,"featured_media":0,"parent":9978,"menu_order":0,"comment_status":"open","ping_status":"closed","template":"","meta":{"_et_pb_use_builder":"on","_et_pb_old_content":"<p><img class=\" size-thumbnail wp-image-2029 alignleft\" src=\"http:\/\/www.carolineouellette.ca\/wp-content\/uploads\/2014\/11\/Logo-Caroline-Ouellette1-150x150.png\" alt=\"Logo Caroline Ouellette\" width=\"150\" height=\"150\" \/><\/p><h2>2015 Schedule:<\/h2><ul><li><strong>Montreal, Qu\u00e9bec - August 10-14, 2015<\/strong><br \/> Etienne Desmarteau Rink<br \/> (By invite only \u2013 athletes on \u00c9quipe Qu\u00e9bec under 16 & 18 programs.)<\/li><li><strong>Montreal, Qu\u00e9bec - August 15-16, 2015 <\/strong><br \/> Ar\u00e9na Ronald Caron, C\u00e9gep St-Laurent<\/li><li><strong>Summerside, Prince Edward Island \u2013 August 21-23, 2015<\/strong><br \/> Credit Union Place, East Link Arena<\/li><li><strong>Moncton, New Brunswick \u2013\u00a0August 25-27, 2015<\/strong><br \/> Red Ball Internet Centre<\/li><li><strong>Bouctouche, New Brunswick \u2013 August 28-30, 2015<br \/> <\/strong>JK Irving Center<strong>\u00a0<\/strong><\/li><li><strong>Gander, Newfoundland \u2013\u00a0September 18-20, 2015<\/strong><br \/> Gander Community Center<\/li><\/ul><p><strong>Mission:<\/strong><\/p><p>Our mission is to provide an environment where hockey players of all levels repetitively work on individual technical and tactical skills while enjoying the process. We welcome players of all caliber with experience in the sport of at least one season<\/p><p>Elite players will have the opportunity to experience a high level of on and off-ice training. The emphasis will be on fast paced practices that will push players to execute basic and important hockey skills at a high tempo with the ultimate goal to improve and to transition players to the next level.<\/p><p>Our strategic plan will develop in a progressive manner the fundamentals aptitudes related to hockey and will contribute to the personal development of the players into better athletes.<\/p><p><strong>Staff<\/strong><\/p><p>Past Coaches include Olympians Charline Labont\u00e9, Marie-Philip Poulin, Lauriane Rougeau, Kim St-Pierre, Genevi\u00e8ve Lacasse, Catherine Ward and France St-Louis and several members of the CWHL Montreal Stars.<\/p><p><strong>Curriculum of our hockey programs.<\/strong><\/p><p><strong>On-Ice training:<\/strong> Skating Technique - Over Speed Skating & Agility \u2013 Transition Skating \u2013 Stick Handling, Puck Control & Protection \u2013 Shooting & Passing \u2013 Position Specific Work \u2013 Game Simulations \u2013 Goalie specific drills with goalie coach<\/p><p><strong>Off-ice training:<\/strong> Speed - Plyometrics (Power)- Agility \u2013 Upper and Lower Body Strength \u2013 Interval Training<\/p><p><strong>In class sessions: <\/strong>Presentation by our Olympians on the various opportunities in hockey. We will share on our Olympic journey, college recruiting, training, nutrition and sport psychology. Motivational videos, photo and autograph sessions.<\/p><p><img class=\"aligncenter size-full wp-image-3038\" src=\"http:\/\/www.carolineouellette.ca\/wp-content\/uploads\/2011\/03\/camp-main-page1.jpg\" alt=\"camp-main-page\" usemap=\"#rage_image_map\" width=\"840\" height=\"419\" \/><\/p><p><map name=\"rage_image_map\"> <area alt=\"\" coords=\"11,19,197,145\" shape=\"rect\" href=\"http:\/\/www.carolineouellette.ca\/camps\/mtl\/\" \/> <area alt=\"\" coords=\"218,18,404,147\" shape=\"rect\" href=\"http:\/\/www.carolineouellette.ca\/camps\/nb\/\" \/> <area alt=\"\" coords=\"427,18,614,146\" shape=\"rect\" href=\"http:\/\/www.carolineouellette.ca\/camps\/nl\/\" \/> <area alt=\"\" coords=\"636,19,823,146\" shape=\"rect\" href=\"http:\/\/www.carolineouellette.ca\/camps\/pei\/\" \/> <\/map><\/p>","_et_gb_content_width":"","footnotes":""},"class_list":["post-10007","page","type-page","status-publish","hentry"],"_links":{"self":[{"href":"https:\/\/carolineouellette.ca\/fr\/wp-json\/wp\/v2\/pages\/10007","targetHints":{"allow":["GET"]}}],"collection":[{"href":"https:\/\/carolineouellette.ca\/fr\/wp-json\/wp\/v2\/pages"}],"about":[{"href":"https:\/\/carolineouellette.ca\/fr\/wp-json\/wp\/v2\/types\/page"}],"author":[{"embeddable":true,"href":"https:\/\/carolineouellette.ca\/fr\/wp-json\/wp\/v2\/users\/1"}],"replies":[{"embeddable":true,"href":"https:\/\/carolineouellette.ca\/fr\/wp-json\/wp\/v2\/comments?post=10007"}],"version-history":[{"count":2,"href":"https:\/\/carolineouellette.ca\/fr\/wp-json\/wp\/v2\/pages\/10007\/revisions"}],"predecessor-version":[{"id":10657,"href":"https:\/\/carolineouellette.ca\/fr\/wp-json\/wp\/v2\/pages\/10007\/revisions\/10657"}],"up":[{"embeddable":true,"href":"https:\/\/carolineouellette.ca\/fr\/wp-json\/wp\/v2\/pages\/9978"}],"wp:attachment":[{"href":"https:\/\/carolineouellette.ca\/fr\/wp-json\/wp\/v2\/media?parent=10007"}],"curies":[{"name":"wp","href":"https:\/\/api.w.org\/{rel}","templated":true}]}}